{"id":47,"date":"2021-07-01T11:16:13","date_gmt":"2021-07-01T11:16:13","guid":{"rendered":"https:\/\/www.tliy.ee\/?page_id=47"},"modified":"2025-04-05T10:16:04","modified_gmt":"2025-04-05T10:16:04","slug":"tliu-tood-ja-teenused","status":"publish","type":"page","link":"https:\/\/tliy.ee\/?page_id=47","title":{"rendered":"TLI\u00dc t\u00f6\u00f6d ja teenused"},"content":{"rendered":"\n<p>Meie \u00fchingu arhitektuuri, ehituse, disaini, IT jt erialade taustaga spetsialistid on  10-20 aastase kogemusega ligip\u00e4\u00e4setavuse, universaalse disaini ja erilahenduste alal.<\/p>\n\n\n\n<p>L\u00e4htume &#8220;Majandus- ja kommunikatsiooniministri 29.05.2018, m\u00e4\u00e4ruse nr 28 \u201ePuudega inimeste erivajadustest tulenevad n\u00f5uded ehitisele\u2019\u201c n\u00f5etest.<\/p>\n\n\n\n<p><\/p>\n\n\n\n<p><strong>Ligip\u00e4\u00e4setavuse valdkonnas pakume j\u00e4rgmisi teenuseid: <\/strong><\/p>\n\n\n\n<p>ehitusprojektides ligip\u00e4\u00e4setavuse n\u00f5uete hindamine;<\/p>\n\n\n\n<p>ligip\u00e4\u00e4suauditid hoonetele;<\/p>\n\n\n\n<p>ligip\u00e4\u00e4setavuse koolitused, teavitus, n\u00f5ustamine; <\/p>\n\n\n\n<p>ligip\u00e4\u00e4setavuse tegevuskavade koostamine;<\/p>\n\n\n\n<p>\u00fcldkasutatavate hoonete projektide koosk\u00f5lastused ja uusehitiste vastuv\u00f5tud ligip\u00e4\u00e4setavuse osas;<\/p>\n\n\n\n<p>\u00fcldkasutatavate hoonete ja linnaruumi ligip\u00e4\u00e4setavuse kaardistused.<\/p>\n\n\n\n<p><\/p>\n\n\n\n<p><strong>Koolitused<\/strong>:<\/p>\n\n\n\n<p>Liikumispuudega kliendi teenindamine;<\/p>\n\n\n\n<p>Suhtlemine liikumispuudega inimestega ja nende toetamine:<\/p>\n\n\n\n<p>Liikumispuudega inimeste n\u00f5ustamine.<\/p>\n\n\n\n<p><\/p>\n","protected":false},"excerpt":{"rendered":"<p>Meie \u00fchingu arhitektuuri, ehituse, disaini, IT jt erialade taustaga spetsialistid on 10-20 aastase kogemusega ligip\u00e4\u00e4setavuse, universaalse disaini ja erilahenduste alal. L\u00e4htume &#8220;Majandus- ja kommunikatsiooniministri 29.05.2018, m\u00e4\u00e4ruse nr 28 \u201ePuudega inimeste erivajadustest tulenevad n\u00f5uded ehitisele\u2019\u201c n\u00f5etest. Ligip\u00e4\u00e4setavuse valdkonnas pakume j\u00e4rgmisi teenuseid: ehitusprojektides ligip\u00e4\u00e4setavuse n\u00f5uete hindamine; ligip\u00e4\u00e4suauditid hoonetele; ligip\u00e4\u00e4setavuse koolitused, teavitus, n\u00f5ustamine; ligip\u00e4\u00e4setavuse tegevuskavade koostamine; \u00fcldkasutatavate hoonete [&hellip;]<\/p>\n","protected":false},"author":1,"featured_media":0,"parent":0,"menu_order":0,"comment_status":"closed","ping_status":"closed","template":"","meta":{"footnotes":""},"class_list":["post-47","page","type-page","status-publish","hentry"],"_links":{"self":[{"href":"https:\/\/tliy.ee\/index.php?rest_route=\/wp\/v2\/pages\/47","targetHints":{"allow":["GET"]}}],"collection":[{"href":"https:\/\/tliy.ee\/index.php?rest_route=\/wp\/v2\/pages"}],"about":[{"href":"https:\/\/tliy.ee\/index.php?rest_route=\/wp\/v2\/types\/page"}],"author":[{"embeddable":true,"href":"https:\/\/tliy.ee\/index.php?rest_route=\/wp\/v2\/users\/1"}],"replies":[{"embeddable":true,"href":"https:\/\/tliy.ee\/index.php?rest_route=%2Fwp%2Fv2%2Fcomments&post=47"}],"version-history":[{"count":5,"href":"https:\/\/tliy.ee\/index.php?rest_route=\/wp\/v2\/pages\/47\/revisions"}],"predecessor-version":[{"id":128,"href":"https:\/\/tliy.ee\/index.php?rest_route=\/wp\/v2\/pages\/47\/revisions\/128"}],"wp:attachment":[{"href":"https:\/\/tliy.ee\/index.php?rest_route=%2Fwp%2Fv2%2Fmedia&parent=47"}],"curies":[{"name":"wp","href":"https:\/\/api.w.org\/{rel}","templated":true}]}}